{"id":16,"date":"2026-02-17T11:50:32","date_gmt":"2026-02-17T14:50:32","guid":{"rendered":"https:\/\/betsson.sport\/br\/?page_id=16"},"modified":"2026-02-17T11:52:59","modified_gmt":"2026-02-17T14:52:59","slug":"patrocinios","status":"publish","type":"page","link":"https:\/\/betsson.sport\/br\/patrocinios\/","title":{"rendered":"Patroc\u00ednios"},"content":{"rendered":"\n<div class=\"wp-block-group flex flex-col justify-center has-white-color has-text-color has-background has-link-color wp-elements-163688f04f8bae206dd59c4096053f59 has-global-padding is-layout-constrained wp-container-core-group-is-layout-ff5b70b8 wp-block-group-is-layout-constrained\" style=\"background:linear-gradient(234deg,rgb(0,7,91) 0%,rgb(13,13,13) 100%);margin-top:0;margin-bottom:0;padding-top:var(--wp--preset--spacing--70);padding-right:var(--wp--preset--spacing--40);padding-bottom:var(--wp--preset--spacing--70);padding-left:var(--wp--preset--spacing--40)\">\n<div class=\"wp-block-group is-vertical is-content-justification-center is-layout-flex wp-container-core-group-is-layout-5be8697d wp-block-group-is-layout-flex\" style=\"margin-bottom:0\">\n<h1 class=\"wp-block-heading label has-small-font-size\"><strong>Patroc\u00ednios<\/strong><\/h1>\n\n\n\n<p class=\"has-text-align-center has-large-font-size\"><strong><strong>Onde a paix\u00e3o se encontra com o campo<\/strong><\/strong><\/p>\n\n\n\n<p class=\"has-text-align-center\">Patrocinador oficial da Inter de Mil\u00e3o e do Club Brugge - trazendo a a\u00e7\u00e3o para os f\u00e3s<\/p>\n<\/div>\n<\/div>\n\n\n\n<div class=\"wp-block-group has-global-padding is-layout-constrained wp-container-core-group-is-layout-1fd5867f wp-block-group-is-layout-constrained\" style=\"padding-top:var(--wp--preset--spacing--70);padding-right:var(--wp--preset--spacing--40);padding-bottom:var(--wp--preset--spacing--70);padding-left:var(--wp--preset--spacing--40)\">\n<div class=\"wp-block-columns alignwide is-layout-flex wp-container-core-columns-is-layout-28f84493 wp-block-columns-is-layout-flex\">\n<div class=\"wp-block-column is-layout-flow wp-container-core-column-is-layout-875877bc wp-block-column-is-layout-flow\" style=\"border-radius:10px;padding-top:var(--wp--preset--spacing--60);padding-right:var(--wp--preset--spacing--50);padding-bottom:var(--wp--preset--spacing--60);padding-left:var(--wp--preset--spacing--50);flex-basis:40%\">\n<div class=\"wp-block-group is-vertical is-layout-flex wp-container-core-group-is-layout-fe9cc265 wp-block-group-is-layout-flex\">\n<h2 class=\"wp-block-heading has-text-align-left has-large-font-size\"><strong>Na betsson.sport, n\u00e3o apenas cobrimos o jogo: vivemos a experi\u00eancia.\u00a0<\/strong><\/h2>\n\n\n\n<p class=\"has-text-align-left has-medium-font-size\">Por isso, nos associamos a dois dos clubes de futebol mais emocionantes do mundo, levando nossa paix\u00e3o pelo esporte diretamente ao cora\u00e7\u00e3o da a\u00e7\u00e3o.\u00a0<\/p>\n<\/div>\n<\/div>\n\n\n\n<div class=\"wp-block-column has-white-color has-text-color has-background has-link-color wp-elements-8b8143e408ad87dfb44a675537b68f04 is-layout-flow wp-container-core-column-is-layout-875877bc wp-block-column-is-layout-flow\" style=\"border-radius:10px;background:linear-gradient(180deg,rgb(33,33,33) 0%,rgb(0,0,0) 100%);padding-top:var(--wp--preset--spacing--60);padding-right:var(--wp--preset--spacing--50);padding-bottom:var(--wp--preset--spacing--60);padding-left:var(--wp--preset--spacing--50)\">\n<div class=\"wp-block-group is-vertical is-layout-flex wp-container-core-group-is-layout-fe9cc265 wp-block-group-is-layout-flex\">\n<div class=\"wp-block-group is-nowrap is-layout-flex wp-container-core-group-is-layout-6c531013 wp-block-group-is-layout-flex\" style=\"min-height:140px\">\n<figure class=\"wp-block-image size-thumbnail is-resized\"><img decoding=\"async\" src=\"https:\/\/betsson.sport\/es\/wp-content\/uploads\/2025\/09\/fc-inter-logo.svg\" alt=\"\" class=\"wp-image-2716\" style=\"width:115px\"\/><\/figure>\n<\/div>\n\n\n\n<div class=\"wp-block-group has-global-padding is-layout-constrained wp-container-core-group-is-layout-e0082cf6 wp-block-group-is-layout-constrained\">\n<h3 class=\"wp-block-heading\"><strong>Inter - Um \u00cdcone Global do Futebol<\/strong><\/h3>\n\n\n\n<p>Poucos clubes t\u00eam uma hist\u00f3ria como a da Inter. Desde lendas do passado at\u00e9 os her\u00f3is de hoje, Inter \u00e9 um s\u00edmbolo de paix\u00e3o e excel\u00eancia. Nos enche de orgulho apoiar um clube que inspira milh\u00f5es em todo o mundo e que leva emo\u00e7\u00e3o a cada partida.\u00a0\u00a0<\/p>\n<\/div>\n<\/div>\n<\/div>\n\n\n\n<div class=\"wp-block-column has-white-color has-text-color has-background has-link-color wp-elements-6cdb082bf0e780334c469a62f329685d is-layout-flow wp-container-core-column-is-layout-875877bc wp-block-column-is-layout-flow\" style=\"border-radius:10px;background:linear-gradient(180deg,rgb(33,33,33) 0%,rgb(0,0,0) 100%);padding-top:var(--wp--preset--spacing--60);padding-right:var(--wp--preset--spacing--50);padding-bottom:var(--wp--preset--spacing--60);padding-left:var(--wp--preset--spacing--50)\">\n<div class=\"wp-block-group is-vertical is-layout-flex wp-container-core-group-is-layout-fe9cc265 wp-block-group-is-layout-flex\">\n<div class=\"wp-block-group is-nowrap is-layout-flex wp-container-core-group-is-layout-6c531013 wp-block-group-is-layout-flex\" style=\"min-height:140px\">\n<figure class=\"wp-block-image size-thumbnail is-resized\"><img decoding=\"async\" src=\"https:\/\/betsson.sport\/es\/wp-content\/uploads\/2025\/09\/club-brugge-logo.svg\" alt=\"\" class=\"wp-image-2715\" style=\"width:100px\"\/><\/figure>\n<\/div>\n\n\n\n<div class=\"wp-block-group has-global-padding is-layout-constrained wp-container-core-group-is-layout-e0082cf6 wp-block-group-is-layout-constrained\">\n<h3 class=\"wp-block-heading\"><strong>Club Brugge - O Orgulho da B\u00e9lgica<\/strong><\/h3>\n\n\n\n<p>Desde jogos aclamados no est\u00e1dio Jan Breydel at\u00e9 noites inesquec\u00edveis na Champions League, o <strong>Club Brugge <\/strong>\u00e9 pura magia futebol\u00edstica. Estamos aqui para celebrar cada gol, cada vit\u00f3ria e cada f\u00e3 que torce com o.<\/p>\n<\/div>\n<\/div>\n<\/div>\n<\/div>\n<\/div>\n\n\n\n<div class=\"wp-block-cover\" style=\"padding-top:0;padding-bottom:0\"><img decoding=\"async\" class=\"wp-block-cover__image-background wp-image-2725 size-full\" alt=\"\" src=\"https:\/\/betsson.sport\/es\/wp-content\/uploads\/2025\/09\/betsson-sport-club-brugge.jpg\" style=\"object-position:50% 79%\" data-object-fit=\"cover\" data-object-position=\"50% 79%\"\/><span aria-hidden=\"true\" class=\"wp-block-cover__background has-background-dim\"><\/span><div class=\"wp-block-cover__inner-container has-global-padding is-layout-constrained wp-block-cover-is-layout-constrained\">\n<div class=\"wp-block-columns alignwide is-layout-flex wp-container-core-columns-is-layout-28f84493 wp-block-columns-is-layout-flex\">\n<div class=\"wp-block-column is-layout-flow wp-block-column-is-layout-flow\" style=\"flex-basis:50%\"><\/div>\n\n\n\n<div class=\"wp-block-column is-layout-flow wp-block-column-is-layout-flow\" style=\"flex-basis:66.66%\">\n<div class=\"wp-block-group has-white-color has-text-color has-link-color wp-elements-313803de03e65affdad963897e2a40d2 wp-container-content-0733e5d0 is-layout-flow wp-block-group-is-layout-flow\" style=\"border-radius:0px;min-height:400px;margin-top:var(--wp--preset--spacing--60);margin-bottom:var(--wp--preset--spacing--60);padding-top:var(--wp--preset--spacing--60);padding-right:var(--wp--preset--spacing--60);padding-bottom:var(--wp--preset--spacing--60);padding-left:var(--wp--preset--spacing--60)\">\n<h2 class=\"wp-block-heading\"><strong>Mais que um logo na camiseta<\/strong><\/h2>\n\n\n\n<p class=\"has-medium-font-size\">N\u00e3o se trata apenas de patroc\u00ednios: s\u00e3o as intera\u00e7\u00f5es com os f\u00e3s. Nosso objetivo \u00e9 criar conte\u00fados e experi\u00eancias de alto n\u00edvel que aproximem o torcedor do clube do cora\u00e7\u00e3o. Desde bastidores exclusivos at\u00e9 hist\u00f3rias empolgantes, choros e gritos em frente a tela\u2026estamos totalmente envolvidos.\u00a0<\/p>\n\n\n\n<p style=\"font-size:26px\"><strong>Porque na betsson.sport, a gente assiste futebol e faz parte dele.<\/strong><\/p>\n<\/div>\n<\/div>\n<\/div>\n<\/div><\/div>\n\n\n\n<p><\/p>\n\n\n\n<p><\/p>\n","protected":false},"excerpt":{"rendered":"<p>Patroc\u00ednios Onde a paix\u00e3o se encontra com o campo Patrocinador oficial da Inter de Mil\u00e3o e do Club Brugge - trazendo a a\u00e7\u00e3o para os f\u00e3s Na betsson.sport, n\u00e3o apenas cobrimos o jogo: vivemos a experi\u00eancia.\u00a0 Por isso, nos associamos a dois dos clubes de futebol mais emocionantes do mundo, levando nossa paix\u00e3o pelo esporte [&hellip;]<\/p>\n","protected":false},"author":2,"featured_media":0,"parent":0,"menu_order":0,"comment_status":"closed","ping_status":"closed","template":"","meta":{"_acf_changed":false,"footnotes":""},"class_list":["post-16","page","type-page","status-publish","hentry"],"acf":[],"_links":{"self":[{"href":"https:\/\/betsson.sport\/br\/wp-json\/wp\/v2\/pages\/16","targetHints":{"allow":["GET"]}}],"collection":[{"href":"https:\/\/betsson.sport\/br\/wp-json\/wp\/v2\/pages"}],"about":[{"href":"https:\/\/betsson.sport\/br\/wp-json\/wp\/v2\/types\/page"}],"author":[{"embeddable":true,"href":"https:\/\/betsson.sport\/br\/wp-json\/wp\/v2\/users\/2"}],"replies":[{"embeddable":true,"href":"https:\/\/betsson.sport\/br\/wp-json\/wp\/v2\/comments?post=16"}],"version-history":[{"count":0,"href":"https:\/\/betsson.sport\/br\/wp-json\/wp\/v2\/pages\/16\/revisions"}],"wp:attachment":[{"href":"https:\/\/betsson.sport\/br\/wp-json\/wp\/v2\/media?parent=16"}],"curies":[{"name":"wp","href":"https:\/\/api.w.org\/{rel}","templated":true}]}}