{"id":2,"date":"2026-02-12T10:53:24","date_gmt":"2026-02-12T10:53:24","guid":{"rendered":"http:\/\/support.pagely.com\/?page_id=2"},"modified":"2026-04-01T09:19:22","modified_gmt":"2026-04-01T12:19:22","slug":"quem-somos","status":"publish","type":"page","link":"https:\/\/betsson.sport\/br\/quem-somos\/","title":{"rendered":"Quem somos"},"content":{"rendered":"\n<div class=\"wp-block-cover has-custom-content-position is-position-bottom-center\" style=\"margin-top:0;margin-bottom:0;padding-top:0;padding-right:var(--wp--preset--spacing--40);padding-bottom:0;padding-left:var(--wp--preset--spacing--40);min-height:500px;aspect-ratio:unset;\"><img decoding=\"async\" class=\"wp-block-cover__image-background wp-image-1755 size-large\" alt=\"\" src=\"https:\/\/betsson.sport\/es\/wp-content\/uploads\/2025\/07\/047344babd566b6b585303a664a4d2afc3cd5fa5-1024x538.png\" data-object-fit=\"cover\"\/><span aria-hidden=\"true\" class=\"wp-block-cover__background has-background-dim-80 has-background-dim wp-block-cover__gradient-background has-background-gradient\" style=\"background:linear-gradient(0deg,rgb(0,0,0) 26%,rgba(0,8,92,0) 88%)\"><\/span><div class=\"wp-block-cover__inner-container has-global-padding is-layout-constrained wp-container-core-cover-is-layout-e170f89d wp-block-cover-is-layout-constrained\">\n<div class=\"wp-block-group is-vertical is-content-justification-center is-layout-flex wp-container-core-group-is-layout-c1c0af7f wp-block-group-is-layout-flex\" style=\"margin-bottom:var(--wp--preset--spacing--60)\">\n<h1 class=\"wp-block-heading label has-small-font-size\">Quem somos<\/h1>\n\n\n\n<h3 class=\"wp-block-heading has-text-align-center\">Paix\u00e3o pelo esporte.&nbsp;<br>Compartilhada em cada hist\u00f3ria.<\/h3>\n\n\n\n<p class=\"has-text-align-center\">Desde as \u00faltimas not\u00edcias at\u00e9 os resultados finais, entregamos informa\u00e7\u00f5es esportivas confi\u00e1veis.<\/p>\n<\/div>\n<\/div><\/div>\n\n\n\n<div class=\"wp-block-group has-global-padding is-layout-constrained wp-container-core-group-is-layout-a47ab161 wp-block-group-is-layout-constrained\" style=\"padding-top:var(--wp--preset--spacing--60);padding-right:var(--wp--preset--spacing--50);padding-bottom:var(--wp--preset--spacing--60);padding-left:var(--wp--preset--spacing--50)\">\n<div class=\"wp-block-columns alignwide is-layout-flex wp-container-core-columns-is-layout-f3a7ff92 wp-block-columns-is-layout-flex\">\n<div class=\"wp-block-column is-vertically-aligned-center is-layout-flow wp-block-column-is-layout-flow\">\n<div class=\"wp-block-group has-global-padding is-layout-constrained wp-block-group-is-layout-constrained\">\n<div class=\"wp-block-group has-global-padding is-layout-constrained wp-container-core-group-is-layout-9f3af599 wp-block-group-is-layout-constrained\" style=\"padding-top:0;padding-bottom:0\">\n<h2 class=\"wp-block-heading has-text-align-left has-medium-font-size\" style=\"font-style:normal;font-weight:300;text-transform:uppercase\">Sobre n\u00f3s<\/h2>\n\n\n\n<h3 class=\"wp-block-heading has-text-align-left has-large-font-size\" style=\"font-style:normal;font-weight:700\"><strong><strong>Na betsson.sport vivemos e respiramos o esporte.<\/strong><\/strong><\/h3>\n<\/div>\n\n\n\n<p class=\"has-text-align-left has-medium-font-size\">Nossa equipe \u00e9 apaixonada e fan\u00e1tica por esportes. Contamos com jornalistas especializados e analistas renomados, unindo a nossa paix\u00e3o pelo esporte com tecnologia de ponta para levar a voc\u00ea toda a emo\u00e7\u00e3o.&nbsp;<\/p>\n\n\n\n<p class=\"has-text-align-left has-medium-font-size\">Desde os grandes torneios mundiais mais famosos at\u00e9 as ligas locais, al\u00e9m de hist\u00f3rias inspiradoras dos torcedores, a betsson.sport est\u00e1 aqui para celebrar cada momento m\u00e1gico do esporte.<\/p>\n<\/div>\n<\/div>\n\n\n\n<div class=\"wp-block-column is-layout-flow wp-block-column-is-layout-flow\">\n<figure class=\"wp-block-image size-large has-custom-border\"><img decoding=\"async\" src=\"https:\/\/betsson.sport\/es\/wp-content\/uploads\/2025\/09\/betsson-sport-stadium-1024x683.webp\" alt=\"\" class=\"wp-image-3318\" style=\"border-radius:10px\"\/><\/figure>\n<\/div>\n<\/div>\n<\/div>\n\n\n\n<div class=\"wp-block-group alignfull has-white-color has-text-color has-background has-link-color wp-elements-cb549ab0b4f25c5eee410a79a8d62033 has-global-padding is-layout-constrained wp-container-core-group-is-layout-a47e864c wp-block-group-is-layout-constrained\" style=\"background:linear-gradient(160deg,rgb(0,0,0) 0%,rgb(0,7,91) 33%);padding-top:var(--wp--preset--spacing--80);padding-right:var(--wp--preset--spacing--50);padding-bottom:var(--wp--preset--spacing--80);padding-left:var(--wp--preset--spacing--50)\">\n<h2 class=\"wp-block-heading has-text-align-center has-x-large-font-size\">Nossos valores<\/h2>\n\n\n\n<div class=\"wp-block-group is-layout-grid wp-container-core-group-is-layout-471a4f32 wp-block-group-is-layout-grid\">\n<div class=\"wp-block-group has-white-color has-custom-dark-grey-background-color has-text-color has-background has-link-color wp-elements-8f383f30fe60e29244bea2223ce3d251 is-vertical is-content-justification-center is-nowrap is-layout-flex wp-container-core-group-is-layout-3ccfc323 wp-block-group-is-layout-flex\" style=\"border-radius:10px;padding-top:var(--wp--preset--spacing--60);padding-right:var(--wp--preset--spacing--60);padding-bottom:var(--wp--preset--spacing--60);padding-left:var(--wp--preset--spacing--60)\">\n<p class=\"has-text-align-center\" style=\"font-size:28px\"><strong><strong>Paix\u00e3o<\/strong><\/strong><\/p>\n\n\n\n<p class=\"has-text-align-center\">Incentivar cada titular com amor pelo jogo<\/p>\n<\/div>\n\n\n\n<div class=\"wp-block-group has-white-color has-custom-dark-grey-background-color has-text-color has-background has-link-color wp-elements-a19e99c153f73b06bb7f1619c0e3ebcf is-vertical is-content-justification-center is-nowrap is-layout-flex wp-container-core-group-is-layout-3ccfc323 wp-block-group-is-layout-flex\" style=\"border-radius:10px;padding-top:var(--wp--preset--spacing--60);padding-right:var(--wp--preset--spacing--60);padding-bottom:var(--wp--preset--spacing--60);padding-left:var(--wp--preset--spacing--60)\">\n<h2 class=\"wp-block-heading has-text-align-center\" style=\"font-size:28px\"><strong>Integridade<\/strong><\/h2>\n\n\n\n<p class=\"has-text-align-center\">A justi\u00e7a guia o esporte e tamb\u00e9m cada hist\u00f3ria que compartilhamos<\/p>\n<\/div>\n\n\n\n<div class=\"wp-block-group has-white-color has-custom-dark-grey-background-color has-text-color has-background has-link-color wp-elements-86c0acadf30a963466b2c07e6381bdb0 is-vertical is-content-justification-center is-nowrap is-layout-flex wp-container-core-group-is-layout-3ccfc323 wp-block-group-is-layout-flex\" style=\"border-radius:10px;padding-top:var(--wp--preset--spacing--60);padding-right:var(--wp--preset--spacing--60);padding-bottom:var(--wp--preset--spacing--60);padding-left:var(--wp--preset--spacing--60)\">\n<h2 class=\"wp-block-heading has-text-align-center\" style=\"font-size:28px\"><strong>Inova\u00e7\u00e3o<\/strong><\/h2>\n\n\n\n<p class=\"has-text-align-center\">Cobertura mais inteligente, r\u00e1pida e precisa das principais partidas<\/p>\n<\/div>\n\n\n\n<div class=\"wp-block-group has-white-color has-custom-dark-grey-background-color has-text-color has-background has-link-color wp-elements-5b3304bc8422428be9886e1fb447376c is-vertical is-content-justification-center is-nowrap is-layout-flex wp-container-core-group-is-layout-3ccfc323 wp-block-group-is-layout-flex\" style=\"border-radius:10px;padding-top:var(--wp--preset--spacing--60);padding-right:var(--wp--preset--spacing--60);padding-bottom:var(--wp--preset--spacing--60);padding-left:var(--wp--preset--spacing--60)\">\n<h2 class=\"wp-block-heading has-text-align-center\" style=\"font-size:28px\"><strong>Comunidade<\/strong><\/h2>\n\n\n\n<p class=\"has-text-align-center\">Constru\u00edda por fan\u00e1ticos - para fan\u00e1ticos<\/p>\n<\/div>\n<\/div>\n<\/div>\n","protected":false},"excerpt":{"rendered":"<p>Sobre n\u00f3s Na betsson.sport vivemos e respiramos o esporte. Nossa equipe \u00e9 apaixonada e fan\u00e1tica por esportes. Contamos com jornalistas especializados e analistas renomados, unindo a nossa paix\u00e3o pelo esporte com tecnologia de ponta para levar a voc\u00ea toda a emo\u00e7\u00e3o.&nbsp; Desde os grandes torneios mundiais mais famosos at\u00e9 as ligas locais, al\u00e9m de hist\u00f3rias [&hellip;]<\/p>\n","protected":false},"author":1,"featured_media":0,"parent":0,"menu_order":0,"comment_status":"closed","ping_status":"open","template":"","meta":{"_acf_changed":false,"footnotes":""},"class_list":["post-2","page","type-page","status-publish","hentry"],"acf":[],"_links":{"self":[{"href":"https:\/\/betsson.sport\/br\/wp-json\/wp\/v2\/pages\/2","targetHints":{"allow":["GET"]}}],"collection":[{"href":"https:\/\/betsson.sport\/br\/wp-json\/wp\/v2\/pages"}],"about":[{"href":"https:\/\/betsson.sport\/br\/wp-json\/wp\/v2\/types\/page"}],"author":[{"embeddable":true,"href":"https:\/\/betsson.sport\/br\/wp-json\/wp\/v2\/users\/1"}],"replies":[{"embeddable":true,"href":"https:\/\/betsson.sport\/br\/wp-json\/wp\/v2\/comments?post=2"}],"version-history":[{"count":0,"href":"https:\/\/betsson.sport\/br\/wp-json\/wp\/v2\/pages\/2\/revisions"}],"wp:attachment":[{"href":"https:\/\/betsson.sport\/br\/wp-json\/wp\/v2\/media?parent=2"}],"curies":[{"name":"wp","href":"https:\/\/api.w.org\/{rel}","templated":true}]}}