{"id":240,"date":"2026-03-24T10:48:56","date_gmt":"2026-03-24T13:48:56","guid":{"rendered":"https:\/\/betsson.sport\/br\/?page_id=240"},"modified":"2026-03-24T11:09:47","modified_gmt":"2026-03-24T14:09:47","slug":"politica-de-cookies","status":"publish","type":"page","link":"https:\/\/betsson.sport\/br\/politica-de-cookies\/","title":{"rendered":"Pol\u00edtica de Cookies"},"content":{"rendered":"\n<div class=\"wp-block-group has-global-padding is-layout-constrained wp-container-core-group-is-layout-db32e940 wp-block-group-is-layout-constrained\" style=\"padding-top:var(--wp--preset--spacing--60);padding-right:var(--wp--preset--spacing--60);padding-bottom:var(--wp--preset--spacing--60);padding-left:var(--wp--preset--spacing--60)\">\n<div class=\"wp-block-group alignwide is-layout-flow wp-block-group-is-layout-flow\">\n<h1 class=\"wp-block-heading has-large-font-size\" id=\"politica-de-cookies\">Pol\u00edtica de Cookies<\/h1>\n\n\n\n<div class=\"wp-block-columns is-layout-flex wp-container-core-columns-is-layout-28f84493 wp-block-columns-is-layout-flex\">\n<div class=\"wp-block-column is-layout-flow wp-block-column-is-layout-flow\" style=\"flex-basis:66.66%\">\n<p>\u00daltima atualiza\u00e7\u00e3o: <strong>03\/08\/2025<\/strong><\/p>\n\n\n\n<p>Acreditamos em ser claros e abertos sobre como coletamos e utilizamos dados relacionados a voc\u00ea. No esp\u00edrito de transpar\u00eancia, esta pol\u00edtica fornece informa\u00e7\u00f5es detalhadas sobre como e quando utilizamos cookies, ajudando voc\u00ea a compreend\u00ea-los e gerenci\u00e1-los como desejar.<\/p>\n\n\n\n<hr class=\"wp-block-separator has-text-color has-alpha-channel-opacity has-background is-style-default\" style=\"margin-bottom:var(--wp--preset--spacing--50);background-color:#eeeeee;color:#eeeeee\"\/>\n\n\n\n<h2 class=\"wp-block-heading\" id=\"o-que-e-um-cookie\">O que \u00e9 um cookie?<\/h2>\n\n\n\n<p>Um cookie \u00e9 um pequeno arquivo de informa\u00e7\u00e3o que um site armazena no disco r\u00edgido do seu computador, tablet ou dispositivo m\u00f3vel (todos referidos aqui como um \"dispositivo\"). Cada site pode enviar seu pr\u00f3prio cookie para o seu navegador, caso as prefer\u00eancias do seu navegador permitam. Muitos sites fazem isso sempre que um usu\u00e1rio os visita, a fim de ajudar os usu\u00e1rios a navegar pelo site e permitir o rastreamento dos fluxos de tr\u00e1fego online.<\/p>\n\n\n\n<p>Os cookies que utilizamos normalmente coletam identificadores an\u00f4nimos associados ao seu dispositivo, navegador, URLs de sites de refer\u00eancia, informa\u00e7\u00f5es de tempo ou uso, prefer\u00eancias e configura\u00e7\u00f5es do site, etc.<\/p>\n\n\n\n<p>Voc\u00ea pode encontrar mais informa\u00e7\u00f5es sobre cookies em <a href=\"http:\/\/www.allaboutcookies.org\" target=\"_blank\" rel=\"noopener\"><strong>allaboutcookies.org<\/strong><\/a><\/p>\n\n\n\n<hr class=\"wp-block-separator has-text-color has-alpha-channel-opacity has-background is-style-default\" style=\"margin-bottom:var(--wp--preset--spacing--50);background-color:#eeeeee;color:#eeeeee\"\/>\n\n\n\n<h2 class=\"wp-block-heading\" id=\"quais-cookies-utilizamos-e-como-os-utilizamos\">Quais cookies utilizamos e como os utilizamos?<\/h2>\n\n\n\n<h3 class=\"wp-block-heading\" id=\"cookies-necessarios\">Cookies Necess\u00e1rios<\/h3>\n\n\n\n<p>Utilizamos cookies necess\u00e1rios para permitir que voc\u00ea navegue em nosso site e use os recursos nos quais tem interesse. Tais cookies s\u00e3o essenciais para ajudar seu dispositivo a baixar ou transmitir informa\u00e7\u00f5es para que voc\u00ea possa navegar em nossos sites, usar seus recursos e permitir que voc\u00ea retorne a p\u00e1ginas visitadas anteriormente. Sem esses cookies, voc\u00ea pode n\u00e3o conseguir utilizar e navegar em nosso site.<\/p>\n\n\n\n<p>Alguns exemplos de cookies necess\u00e1rios incluem: endere\u00e7o IP e dados de localiza\u00e7\u00e3o para identificar que voc\u00ea fez login em nosso site; para posicionar informa\u00e7\u00f5es em seu dispositivo ou tela para que voc\u00ea possa ver e usar nossos sites; para mant\u00ea-lo logado quando voc\u00ea usa nosso site, para que n\u00e3o precise fazer login toda vez que visitar. Estes cookies n\u00e3o lembram suas prefer\u00eancias al\u00e9m da sua visita atual.<\/p>\n\n\n\n<h3 class=\"wp-block-heading\" id=\"cookies-de-funcionalidade\">Cookies de Funcionalidade<\/h3>\n\n\n\n<p>Utilizamos cookies de funcionalidade para lembrar suas prefer\u00eancias quando voc\u00ea retorna ao nosso site e nos permitir recordar as escolhas que voc\u00ea faz (como o idioma escolhido). Eles tamb\u00e9m aprimoram a funcionalidade de nossos sites ao armazenar suas prefer\u00eancias. Observe que, se voc\u00ea excluir esses cookies do seu navegador, n\u00e3o poderemos mais lembrar suas prefer\u00eancias.<\/p>\n\n\n\n<h3 class=\"wp-block-heading\" id=\"cookies-de-desempenho-e-analiticos\">Cookies de Desempenho e Anal\u00edticos<\/h3>\n\n\n\n<p>Estes ajudar\u00e3o no desempenho do site. Eles nos ajudam a reduzir a largura de banda da rede ao n\u00e3o buscar os dados novamente se eles j\u00e1 estiverem armazenados em seu dispositivo. Todas as informa\u00e7\u00f5es que esses cookies coletam s\u00e3o agregadas e, portanto, an\u00f4nimas. Se voc\u00ea n\u00e3o permitir esses cookies, teremos que solicitar os dados novamente toda vez que voc\u00ea visitar o site, o que atrasar\u00e1 a experi\u00eancia. Eles s\u00e3o usados apenas para melhorar o funcionamento do nosso site e proporcionar uma melhor experi\u00eancia ao usu\u00e1rio.<\/p>\n\n\n\n<p>Este site tamb\u00e9m usa o Google Analytics, que \u00e9 o servi\u00e7o de an\u00e1lise da web mais utilizado na internet. O Google utilizar\u00e1 essas informa\u00e7\u00f5es com a finalidade de avaliar o seu uso do site, compilando relat\u00f3rios sobre a atividade do site para os operadores do site e fornecendo outros servi\u00e7os relativos \u00e0 atividade do site e uso da internet. Utilizamos as informa\u00e7\u00f5es para compilar relat\u00f3rios e fazer com que nosso site funcione de forma mais eficiente.<\/p>\n\n\n\n<p>Os dados coletados ser\u00e3o geralmente agregados para fornecer tend\u00eancias e padr\u00f5es de uso para an\u00e1lise de neg\u00f3cios, melhoria do site\/plataforma e m\u00e9tricas de desempenho. O tipo de informa\u00e7\u00e3o que coletamos inclui quantos visitantes visitam nosso site, quando visitaram, por quanto tempo e quais \u00e1reas do nosso site. Eles nos ajudam a saber quais p\u00e1ginas s\u00e3o as mais e as menos populares e a ver como os visitantes se movimentam pelo site.<\/p>\n\n\n\n<h3 class=\"wp-block-heading\" id=\"cookies-de-marketing-direcionamento-de-terceiros\">Cookies de Marketing \/ Direcionamento de Terceiros<\/h3>\n\n\n\n<p>Estes cookies s\u00e3o usados para entregar an\u00fancios que sejam relevantes para voc\u00ea, com base em seus interesses, e para ajudar a medir a efic\u00e1cia de uma campanha publicit\u00e1ria. Estamos trabalhando com empresas terceirizadas, utilizando cookies de terceiros para identificar seus interesses em nosso site, a fim de fornecer a publicidade que seja mais relevante e \u00fatil para voc\u00ea. Nossos parceiros, conhecidos como provedores de servi\u00e7os, est\u00e3o autorizados a colocar cookies de terceiros ou usar outras tecnologias em nossos sites e ferramentas com nossa permiss\u00e3o, baseando-se apenas no seu consentimento.<\/p>\n\n\n\n<p>Podemos compartilhar identificadores de cookies com empresas do nosso grupo que operam servi\u00e7os de entretenimento e jogos online na Am\u00e9rica Latina, conforme permitido pelas leis aplic\u00e1veis, com o objetivo de medir o tr\u00e1fego e mostrar ofertas relevantes. Se voc\u00ea n\u00e3o permitir esses cookies, voc\u00ea receber\u00e1 publicidade menos direcionada, se houver.<\/p>\n\n\n\n<hr class=\"wp-block-separator has-text-color has-alpha-channel-opacity has-background is-style-default\" style=\"margin-bottom:var(--wp--preset--spacing--50);background-color:#eeeeee;color:#eeeeee\"\/>\n\n\n\n<h2 class=\"wp-block-heading\" id=\"voce-pode-gerenciar-seus-cookies\">Voc\u00ea pode gerenciar seus cookies?<\/h2>\n\n\n\n<p>Voc\u00ea tem escolhas sobre como os cookies s\u00e3o usados, e suas configura\u00e7\u00f5es de cookies podem ser alteradas a qualquer momento visitando a p\u00e1gina de Configura\u00e7\u00f5es de Cookies [IV1]. Por favor, esteja ciente de que n\u00e3o \u00e9 poss\u00edvel usar nosso site sem os cookies necess\u00e1rios; essenciais para fornecer a voc\u00ea o melhor site poss\u00edvel, para manter os requisitos de seguran\u00e7a ou para garantir quaisquer requisitos legais, eles n\u00e3o podem ser desativados.<\/p>\n\n\n\n<h3 class=\"wp-block-heading\" id=\"voce-pode-controlar-os-cookies-pelo-seu-navegador\">Voc\u00ea pode controlar os cookies pelo seu navegador<\/h3>\n\n\n\n<p>Se desejar bloquear cookies atrav\u00e9s do software do seu navegador, verifique o menu de ajuda do navegador para instru\u00e7\u00f5es relevantes.<\/p>\n\n\n\n<p>Para mais informa\u00e7\u00f5es sobre como controlar cookies atrav\u00e9s do seu navegador, visite <a href=\"https:\/\/allaboutcookies.org\/how-to-clear-cookies\" target=\"_blank\" rel=\"noopener\"><strong>allaboutcookies.org\/how-to-clear-cookies<\/strong><\/a>.<\/p>\n\n\n\n<p>Infelizmente, se voc\u00ea optar por bloquear os cookies, n\u00e3o podemos garantir que nossos recursos interativos e funcionalidades de nossos sites estar\u00e3o dispon\u00edveis para voc\u00ea e que a experi\u00eancia em nosso site ser\u00e1 a ideal.<\/p>\n\n\n\n<hr class=\"wp-block-separator has-text-color has-alpha-channel-opacity has-background is-style-default\" style=\"margin-bottom:var(--wp--preset--spacing--50);background-color:#eeeeee;color:#eeeeee\"\/>\n\n\n\n<h2 class=\"wp-block-heading\" id=\"contate-nos\">Contate-nos<\/h2>\n\n\n\n<p>Para qualquer informa\u00e7\u00e3o adicional sobre o uso de cookies, entre em contato conosco em <a href=\"mailto:dataprivacy@betssongroup.com\"><strong>dataprivacy@betssongroup.com<\/strong><\/a>.<\/p>\n<\/div>\n\n\n\n<div class=\"wp-block-column is-layout-flow wp-block-column-is-layout-flow\" style=\"flex-basis:33.33%\"><div class=\"blockssonx-toc blockssonx-toc-open-desktop\" data-scroll-margin=\"40\">\n      <div class=\"blockssonx-toc-title\" tabindex=\"0\" role=\"button\" aria-expanded=\"false\">Lista de conte\u00fados<\/div>\n    <div class=\"blockssonx-toc-list-wrapper\" style=\"display:none;\">\n    <ul class=\"blockssonx-toc-list\"><li><a href=\"#o-que-e-um-cookie\">O que \u00e9 um cookie?<\/a><\/li><li><a href=\"#quais-cookies-utilizamos-e-como-os-utilizamos\">Quais cookies utilizamos e como os utilizamos?<\/a><ul class=\"blockssonx-toc-list\"><li><a href=\"#cookies-necessarios\">Cookies Necess\u00e1rios<\/a><\/li><li><a href=\"#cookies-de-funcionalidade\">Cookies de Funcionalidade<\/a><\/li><li><a href=\"#cookies-de-desempenho-e-analiticos\">Cookies de Desempenho e Anal\u00edticos<\/a><\/li><li><a href=\"#cookies-de-marketing-direcionamento-de-terceiros\">Cookies de Marketing \/ Direcionamento de Terceiros<\/a><\/li><\/ul><\/li><li><a href=\"#voce-pode-gerenciar-seus-cookies\">Voc\u00ea pode gerenciar seus cookies?<\/a><ul class=\"blockssonx-toc-list\"><li><a href=\"#voce-pode-controlar-os-cookies-pelo-seu-navegador\">Voc\u00ea pode controlar os cookies pelo seu navegador<\/a><\/li><\/ul><\/li><li><a href=\"#contate-nos\">Contate-nos<\/a><\/li><\/ul>  <\/div>\n<\/div>\n<\/div>\n<\/div>\n<\/div>\n<\/div>\n","protected":false},"excerpt":{"rendered":"<p>Pol\u00edtica de Cookies \u00daltima atualiza\u00e7\u00e3o: 03\/08\/2025 Acreditamos em ser claros e abertos sobre como coletamos e utilizamos dados relacionados a voc\u00ea. No esp\u00edrito de transpar\u00eancia, esta pol\u00edtica fornece informa\u00e7\u00f5es detalhadas sobre como e quando utilizamos cookies, ajudando voc\u00ea a compreend\u00ea-los e gerenci\u00e1-los como desejar. O que \u00e9 um cookie? Um cookie \u00e9 um pequeno arquivo [&hellip;]<\/p>\n","protected":false},"author":2,"featured_media":0,"parent":0,"menu_order":0,"comment_status":"closed","ping_status":"closed","template":"","meta":{"_acf_changed":true,"footnotes":""},"class_list":["post-240","page","type-page","status-publish","hentry"],"acf":[],"_links":{"self":[{"href":"https:\/\/betsson.sport\/br\/wp-json\/wp\/v2\/pages\/240","targetHints":{"allow":["GET"]}}],"collection":[{"href":"https:\/\/betsson.sport\/br\/wp-json\/wp\/v2\/pages"}],"about":[{"href":"https:\/\/betsson.sport\/br\/wp-json\/wp\/v2\/types\/page"}],"author":[{"embeddable":true,"href":"https:\/\/betsson.sport\/br\/wp-json\/wp\/v2\/users\/2"}],"replies":[{"embeddable":true,"href":"https:\/\/betsson.sport\/br\/wp-json\/wp\/v2\/comments?post=240"}],"version-history":[{"count":0,"href":"https:\/\/betsson.sport\/br\/wp-json\/wp\/v2\/pages\/240\/revisions"}],"wp:attachment":[{"href":"https:\/\/betsson.sport\/br\/wp-json\/wp\/v2\/media?parent=240"}],"curies":[{"name":"wp","href":"https:\/\/api.w.org\/{rel}","templated":true}]}}