{"id":242,"date":"2026-03-24T11:27:01","date_gmt":"2026-03-24T14:27:01","guid":{"rendered":"https:\/\/betsson.sport\/br\/?page_id=242"},"modified":"2026-04-01T09:15:50","modified_gmt":"2026-04-01T12:15:50","slug":"contato","status":"publish","type":"page","link":"https:\/\/betsson.sport\/br\/contato\/","title":{"rendered":"Contato"},"content":{"rendered":"\n<div class=\"wp-block-group flex flex-col justify-center has-white-color has-text-color has-background has-link-color wp-elements-d69f3a7786e4b91e49ce53cde92521b3 has-global-padding is-layout-constrained wp-container-core-group-is-layout-502f1f44 wp-block-group-is-layout-constrained\" style=\"background:linear-gradient(234deg,rgb(0,7,91) 0%,rgb(13,13,13) 100%);margin-top:0;margin-bottom:0;padding-top:var(--wp--preset--spacing--80);padding-right:0;padding-bottom:4rem;padding-left:0\">\n<div class=\"wp-block-group is-vertical is-content-justification-center is-layout-flex wp-container-core-group-is-layout-9e795734 wp-block-group-is-layout-flex\" style=\"margin-bottom:var(--wp--preset--spacing--70)\">\n<h1 class=\"wp-block-heading label has-small-font-size\">Contato<\/h1>\n\n\n\n<h2 class=\"wp-block-heading has-text-align-center\"><strong><strong>Fale Conosco<\/strong><\/strong><\/h2>\n\n\n\n<p class=\"has-text-align-center\">Adoramos receber mensagens dos nossos leitores. Seja para perguntas, sugest\u00f5es de pauta ou coment\u00e1rios, nossa equipe est\u00e1 \u00e0 disposi\u00e7\u00e3o para conversar.<\/p>\n<\/div>\n<\/div>\n\n\n\n<div class=\"wp-block-group has-global-padding is-layout-constrained wp-container-core-group-is-layout-f611be13 wp-block-group-is-layout-constrained\" style=\"padding-top:var(--wp--preset--spacing--50);padding-right:var(--wp--preset--spacing--50);padding-bottom:var(--wp--preset--spacing--50);padding-left:var(--wp--preset--spacing--50)\">\n<div class=\"wp-block-group alignwide has-global-padding is-layout-constrained wp-block-group-is-layout-constrained\">\n<h2 class=\"wp-block-heading has-text-align-left\">Como podemos ajudar?<\/h2>\n<\/div>\n\n\n\n    <div class=\"bg-white rounded-brand\">\n        <div class=\"mx-auto max-w-7xl px-6 py-5\">\n            <div class=\"mx-auto max-w-4xl\">\n                <dl class=\"divide-y divide-gray-900\/10\">\n                                            <div class=\"py-6 first:pt-0 last:pb-0\">\n                            <dt>\n                                <button type=\"button\" command=\"--toggle\" commandfor=\"faq-0\" class=\"flex w-full items-start justify-between text-left text-gray-900\">\n                                    <span class=\"text-base\/7 font-semibold\">Que tipo de esportes voc\u00eas cobrem?<\/span>\n                                    <span class=\"ml-6 flex h-7 items-center\">\n                                        <svg viewBox=\"0 0 24 24\" fill=\"none\" stroke=\"currentColor\" stroke-width=\"1.5\" class=\"size-6 in-aria-expanded:hidden\">\n                                            <path d=\"M12 6v12m6-6H6\" stroke-linecap=\"round\" stroke-linejoin=\"round\" \/>\n                                        <\/svg>\n                                        <svg viewBox=\"0 0 24 24\" fill=\"none\" stroke=\"currentColor\" stroke-width=\"1.5\" class=\"size-6 not-in-aria-expanded:hidden\">\n                                            <path d=\"M18 12H6\" stroke-linecap=\"round\" stroke-linejoin=\"round\" \/>\n                                        <\/svg>\n                                    <\/span>\n                                <\/button>\n                            <\/dt>\n                            <el-disclosure id=\"faq-0\" class=\"contents\" hidden>\n                                <dd class=\"mt-2 pr-12\">\n                                    <p class=\"text-base\/7 text-gray-600\">Cobrimos uma ampla gama de esportes, incluindo futebol, basquete, t\u00eanis e muito mais. Tamb\u00e9m apresentamos atualiza\u00e7\u00f5es de torneios internacionais, ligas regionais e esportes emergentes.<\/p>\n                                <\/dd>\n                            <\/el-disclosure>\n                        <\/div>\n                                            <div class=\"py-6 first:pt-0 last:pb-0\">\n                            <dt>\n                                <button type=\"button\" command=\"--toggle\" commandfor=\"faq-1\" class=\"flex w-full items-start justify-between text-left text-gray-900\">\n                                    <span class=\"text-base\/7 font-semibold\">Com que frequ\u00eancia o site \u00e9 atualizado?<\/span>\n                                    <span class=\"ml-6 flex h-7 items-center\">\n                                        <svg viewBox=\"0 0 24 24\" fill=\"none\" stroke=\"currentColor\" stroke-width=\"1.5\" class=\"size-6 in-aria-expanded:hidden\">\n                                            <path d=\"M12 6v12m6-6H6\" stroke-linecap=\"round\" stroke-linejoin=\"round\" \/>\n                                        <\/svg>\n                                        <svg viewBox=\"0 0 24 24\" fill=\"none\" stroke=\"currentColor\" stroke-width=\"1.5\" class=\"size-6 not-in-aria-expanded:hidden\">\n                                            <path d=\"M18 12H6\" stroke-linecap=\"round\" stroke-linejoin=\"round\" \/>\n                                        <\/svg>\n                                    <\/span>\n                                <\/button>\n                            <\/dt>\n                            <el-disclosure id=\"faq-1\" class=\"contents\" hidden>\n                                <dd class=\"mt-2 pr-12\">\n                                    <p class=\"text-base\/7 text-gray-600\">Nossa equipe atualiza o site ininterruptamente com not\u00edcias de \u00faltima hora, placares ao vivo, an\u00e1lises de partidas e percep\u00e7\u00f5es exclusivas para manter voc\u00ea \u00e0 frente no jogo.<\/p>\n                                <\/dd>\n                            <\/el-disclosure>\n                        <\/div>\n                                            <div class=\"py-6 first:pt-0 last:pb-0\">\n                            <dt>\n                                <button type=\"button\" command=\"--toggle\" commandfor=\"faq-2\" class=\"flex w-full items-start justify-between text-left text-gray-900\">\n                                    <span class=\"text-base\/7 font-semibold\">Voc\u00eas publicam artigos de opini\u00e3o ou apenas not\u00edcias factuais?<\/span>\n                                    <span class=\"ml-6 flex h-7 items-center\">\n                                        <svg viewBox=\"0 0 24 24\" fill=\"none\" stroke=\"currentColor\" stroke-width=\"1.5\" class=\"size-6 in-aria-expanded:hidden\">\n                                            <path d=\"M12 6v12m6-6H6\" stroke-linecap=\"round\" stroke-linejoin=\"round\" \/>\n                                        <\/svg>\n                                        <svg viewBox=\"0 0 24 24\" fill=\"none\" stroke=\"currentColor\" stroke-width=\"1.5\" class=\"size-6 not-in-aria-expanded:hidden\">\n                                            <path d=\"M18 12H6\" stroke-linecap=\"round\" stroke-linejoin=\"round\" \/>\n                                        <\/svg>\n                                    <\/span>\n                                <\/button>\n                            <\/dt>\n                            <el-disclosure id=\"faq-2\" class=\"contents\" hidden>\n                                <dd class=\"mt-2 pr-12\">\n                                    <p class=\"text-base\/7 text-gray-600\">Publicamos ambos. Al\u00e9m das reportagens factuais, apresentamos opini\u00f5es de especialistas, entrevistas e pe\u00e7as editoriais para oferecer a voc\u00ea uma compreens\u00e3o mais profunda do jogo.<\/p>\n                                <\/dd>\n                            <\/el-disclosure>\n                        <\/div>\n                                            <div class=\"py-6 first:pt-0 last:pb-0\">\n                            <dt>\n                                <button type=\"button\" command=\"--toggle\" commandfor=\"faq-3\" class=\"flex w-full items-start justify-between text-left text-gray-900\">\n                                    <span class=\"text-base\/7 font-semibold\">Como posso contribuir ou enviar artigos?<\/span>\n                                    <span class=\"ml-6 flex h-7 items-center\">\n                                        <svg viewBox=\"0 0 24 24\" fill=\"none\" stroke=\"currentColor\" stroke-width=\"1.5\" class=\"size-6 in-aria-expanded:hidden\">\n                                            <path d=\"M12 6v12m6-6H6\" stroke-linecap=\"round\" stroke-linejoin=\"round\" \/>\n                                        <\/svg>\n                                        <svg viewBox=\"0 0 24 24\" fill=\"none\" stroke=\"currentColor\" stroke-width=\"1.5\" class=\"size-6 not-in-aria-expanded:hidden\">\n                                            <path d=\"M18 12H6\" stroke-linecap=\"round\" stroke-linejoin=\"round\" \/>\n                                        <\/svg>\n                                    <\/span>\n                                <\/button>\n                            <\/dt>\n                            <el-disclosure id=\"faq-3\" class=\"contents\" hidden>\n                                <dd class=\"mt-2 pr-12\">\n                                    <p class=\"text-base\/7 text-gray-600\">Damos as boas-vindas a contribui\u00e7\u00f5es de escritores e analistas esportivos apaixonados. Entre em contato conosco pelo contact@betsson.sport se estiver interessado em trabalhar conosco para obter as diretrizes de envio e os requisitos editoriais.<\/p>\n                                <\/dd>\n                            <\/el-disclosure>\n                        <\/div>\n                                            <div class=\"py-6 first:pt-0 last:pb-0\">\n                            <dt>\n                                <button type=\"button\" command=\"--toggle\" commandfor=\"faq-4\" class=\"flex w-full items-start justify-between text-left text-gray-900\">\n                                    <span class=\"text-base\/7 font-semibold\">As estat\u00edsticas e os dados s\u00e3o confi\u00e1veis?<\/span>\n                                    <span class=\"ml-6 flex h-7 items-center\">\n                                        <svg viewBox=\"0 0 24 24\" fill=\"none\" stroke=\"currentColor\" stroke-width=\"1.5\" class=\"size-6 in-aria-expanded:hidden\">\n                                            <path d=\"M12 6v12m6-6H6\" stroke-linecap=\"round\" stroke-linejoin=\"round\" \/>\n                                        <\/svg>\n                                        <svg viewBox=\"0 0 24 24\" fill=\"none\" stroke=\"currentColor\" stroke-width=\"1.5\" class=\"size-6 not-in-aria-expanded:hidden\">\n                                            <path d=\"M18 12H6\" stroke-linecap=\"round\" stroke-linejoin=\"round\" \/>\n                                        <\/svg>\n                                    <\/span>\n                                <\/button>\n                            <\/dt>\n                            <el-disclosure id=\"faq-4\" class=\"contents\" hidden>\n                                <dd class=\"mt-2 pr-12\">\n                                    <p class=\"text-base\/7 text-gray-600\">Todas as nossas estat\u00edsticas s\u00e3o provenientes de bancos de dados verificados, ligas oficiais e organizadores de partidas para garantir a precis\u00e3o.<\/p>\n                                <\/dd>\n                            <\/el-disclosure>\n                        <\/div>\n                                            <div class=\"py-6 first:pt-0 last:pb-0\">\n                            <dt>\n                                <button type=\"button\" command=\"--toggle\" commandfor=\"faq-5\" class=\"flex w-full items-start justify-between text-left text-gray-900\">\n                                    <span class=\"text-base\/7 font-semibold\">Posso usar seus artigos ou dados para meu pr\u00f3prio blog\/projeto?<\/span>\n                                    <span class=\"ml-6 flex h-7 items-center\">\n                                        <svg viewBox=\"0 0 24 24\" fill=\"none\" stroke=\"currentColor\" stroke-width=\"1.5\" class=\"size-6 in-aria-expanded:hidden\">\n                                            <path d=\"M12 6v12m6-6H6\" stroke-linecap=\"round\" stroke-linejoin=\"round\" \/>\n                                        <\/svg>\n                                        <svg viewBox=\"0 0 24 24\" fill=\"none\" stroke=\"currentColor\" stroke-width=\"1.5\" class=\"size-6 not-in-aria-expanded:hidden\">\n                                            <path d=\"M18 12H6\" stroke-linecap=\"round\" stroke-linejoin=\"round\" \/>\n                                        <\/svg>\n                                    <\/span>\n                                <\/button>\n                            <\/dt>\n                            <el-disclosure id=\"faq-5\" class=\"contents\" hidden>\n                                <dd class=\"mt-2 pr-12\">\n                                    <p class=\"text-base\/7 text-gray-600\">Nosso conte\u00fado \u00e9 protegido por direitos autorais. No entanto, voc\u00ea pode compartilhar trechos com o devido cr\u00e9dito e um link de redirecionamento para o nosso site. Para parcerias ou uso de dados, entre em contato com nossa equipe editorial.<\/p>\n                                <\/dd>\n                            <\/el-disclosure>\n                        <\/div>\n                                            <div class=\"py-6 first:pt-0 last:pb-0\">\n                            <dt>\n                                <button type=\"button\" command=\"--toggle\" commandfor=\"faq-6\" class=\"flex w-full items-start justify-between text-left text-gray-900\">\n                                    <span class=\"text-base\/7 font-semibold\">Como fa\u00e7o para ficar atualizado sobre as \u00faltimas not\u00edcias?<\/span>\n                                    <span class=\"ml-6 flex h-7 items-center\">\n                                        <svg viewBox=\"0 0 24 24\" fill=\"none\" stroke=\"currentColor\" stroke-width=\"1.5\" class=\"size-6 in-aria-expanded:hidden\">\n                                            <path d=\"M12 6v12m6-6H6\" stroke-linecap=\"round\" stroke-linejoin=\"round\" \/>\n                                        <\/svg>\n                                        <svg viewBox=\"0 0 24 24\" fill=\"none\" stroke=\"currentColor\" stroke-width=\"1.5\" class=\"size-6 not-in-aria-expanded:hidden\">\n                                            <path d=\"M18 12H6\" stroke-linecap=\"round\" stroke-linejoin=\"round\" \/>\n                                        <\/svg>\n                                    <\/span>\n                                <\/button>\n                            <\/dt>\n                            <el-disclosure id=\"faq-6\" class=\"contents\" hidden>\n                                <dd class=\"mt-2 pr-12\">\n                                    <p class=\"text-base\/7 text-gray-600\">Voc\u00ea pode nos seguir nas redes sociais, no Facebook ou Instagram, para se manter em dia com todas as \u00faltimas not\u00edcias esportivas.<\/p>\n                                <\/dd>\n                            <\/el-disclosure>\n                        <\/div>\n                                            <div class=\"py-6 first:pt-0 last:pb-0\">\n                            <dt>\n                                <button type=\"button\" command=\"--toggle\" commandfor=\"faq-7\" class=\"flex w-full items-start justify-between text-left text-gray-900\">\n                                    <span class=\"text-base\/7 font-semibold\">Como posso enviar um feedback sobre a Betsson.Sport?<\/span>\n                                    <span class=\"ml-6 flex h-7 items-center\">\n                                        <svg viewBox=\"0 0 24 24\" fill=\"none\" stroke=\"currentColor\" stroke-width=\"1.5\" class=\"size-6 in-aria-expanded:hidden\">\n                                            <path d=\"M12 6v12m6-6H6\" stroke-linecap=\"round\" stroke-linejoin=\"round\" \/>\n                                        <\/svg>\n                                        <svg viewBox=\"0 0 24 24\" fill=\"none\" stroke=\"currentColor\" stroke-width=\"1.5\" class=\"size-6 not-in-aria-expanded:hidden\">\n                                            <path d=\"M18 12H6\" stroke-linecap=\"round\" stroke-linejoin=\"round\" \/>\n                                        <\/svg>\n                                    <\/span>\n                                <\/button>\n                            <\/dt>\n                            <el-disclosure id=\"faq-7\" class=\"contents\" hidden>\n                                <dd class=\"mt-2 pr-12\">\n                                    <p class=\"text-base\/7 text-gray-600\">Quer nos enviar um coment\u00e1rio ou elogio? Agradecemos todos os coment\u00e1rios que recebemos, positivos ou n\u00e3o \u2014 \u00e9 realmente \u00fatil saber o que voc\u00ea pensa sobre nossos programas e servi\u00e7os. Portanto, se voc\u00ea gostou muito de um artigo, podcast ou v\u00eddeo espec\u00edfico, ou quer comentar sobre qualquer coisa relacionada \u00e0 Betsson.Sport, pode entrar em contato conosco pelo contact@betsson.sport<\/p>\n                                <\/dd>\n                            <\/el-disclosure>\n                        <\/div>\n                                            <div class=\"py-6 first:pt-0 last:pb-0\">\n                            <dt>\n                                <button type=\"button\" command=\"--toggle\" commandfor=\"faq-8\" class=\"flex w-full items-start justify-between text-left text-gray-900\">\n                                    <span class=\"text-base\/7 font-semibold\">Por que o site Betsson.Sport \u00e9 diferente fora do meu pa\u00eds de origem?<\/span>\n                                    <span class=\"ml-6 flex h-7 items-center\">\n                                        <svg viewBox=\"0 0 24 24\" fill=\"none\" stroke=\"currentColor\" stroke-width=\"1.5\" class=\"size-6 in-aria-expanded:hidden\">\n                                            <path d=\"M12 6v12m6-6H6\" stroke-linecap=\"round\" stroke-linejoin=\"round\" \/>\n                                        <\/svg>\n                                        <svg viewBox=\"0 0 24 24\" fill=\"none\" stroke=\"currentColor\" stroke-width=\"1.5\" class=\"size-6 not-in-aria-expanded:hidden\">\n                                            <path d=\"M18 12H6\" stroke-linecap=\"round\" stroke-linejoin=\"round\" \/>\n                                        <\/svg>\n                                    <\/span>\n                                <\/button>\n                            <\/dt>\n                            <el-disclosure id=\"faq-8\" class=\"contents\" hidden>\n                                <dd class=\"mt-2 pr-12\">\n                                    <p class=\"text-base\/7 text-gray-600\">Temos vers\u00f5es diferentes de algumas se\u00e7\u00f5es do site Betsson.Sport para alguns p\u00fablicos internacionais. O conte\u00fado, as not\u00edcias e os jornalistas s\u00e3o diferentes em mercados distintos, por isso temos p\u00e1ginas diferentes para pa\u00edses espec\u00edficos.\r\nAlguns conte\u00fados em nossos sites est\u00e3o dispon\u00edveis apenas em alguns pa\u00edses; notadamente, certos v\u00eddeos com restri\u00e7\u00e3o de direitos.<\/p>\n                                <\/dd>\n                            <\/el-disclosure>\n                        <\/div>\n                                            <div class=\"py-6 first:pt-0 last:pb-0\">\n                            <dt>\n                                <button type=\"button\" command=\"--toggle\" commandfor=\"faq-9\" class=\"flex w-full items-start justify-between text-left text-gray-900\">\n                                    <span class=\"text-base\/7 font-semibold\">Como voc\u00eas garantem que sua cobertura reflita a cena esportiva local?<\/span>\n                                    <span class=\"ml-6 flex h-7 items-center\">\n                                        <svg viewBox=\"0 0 24 24\" fill=\"none\" stroke=\"currentColor\" stroke-width=\"1.5\" class=\"size-6 in-aria-expanded:hidden\">\n                                            <path d=\"M12 6v12m6-6H6\" stroke-linecap=\"round\" stroke-linejoin=\"round\" \/>\n                                        <\/svg>\n                                        <svg viewBox=\"0 0 24 24\" fill=\"none\" stroke=\"currentColor\" stroke-width=\"1.5\" class=\"size-6 not-in-aria-expanded:hidden\">\n                                            <path d=\"M18 12H6\" stroke-linecap=\"round\" stroke-linejoin=\"round\" \/>\n                                        <\/svg>\n                                    <\/span>\n                                <\/button>\n                            <\/dt>\n                            <el-disclosure id=\"faq-9\" class=\"contents\" hidden>\n                                <dd class=\"mt-2 pr-12\">\n                                    <p class=\"text-base\/7 text-gray-600\">Para garantir uma perspectiva verdadeiramente local, trabalhamos com jornalistas baseados em diferentes partes da Am\u00e9rica Latina \u2014 especificamente na Argentina, Brasil, Chile, Peru, M\u00e9xico, Col\u00f4mbia e Paraguai. Suas percep\u00e7\u00f5es \"em campo\" s\u00e3o essenciais para n\u00f3s, pois trazem cobertura em primeira m\u00e3o das ligas locais, torneios e as \u00faltimas not\u00edcias esportivas que mais importam para os f\u00e3s em cada pa\u00eds.<\/p>\n                                <\/dd>\n                            <\/el-disclosure>\n                        <\/div>\n                                    <\/dl>\n            <\/div>\n        <\/div>\n    <\/div>\n<\/div>\n","protected":false},"excerpt":{"rendered":"<p>Contato Fale Conosco Adoramos receber mensagens dos nossos leitores. Seja para perguntas, sugest\u00f5es de pauta ou coment\u00e1rios, nossa equipe est\u00e1 \u00e0 disposi\u00e7\u00e3o para conversar. Como podemos ajudar?<\/p>\n","protected":false},"author":2,"featured_media":0,"parent":0,"menu_order":0,"comment_status":"closed","ping_status":"closed","template":"","meta":{"_acf_changed":true,"footnotes":""},"class_list":["post-242","page","type-page","status-publish","hentry"],"acf":[],"_links":{"self":[{"href":"https:\/\/betsson.sport\/br\/wp-json\/wp\/v2\/pages\/242","targetHints":{"allow":["GET"]}}],"collection":[{"href":"https:\/\/betsson.sport\/br\/wp-json\/wp\/v2\/pages"}],"about":[{"href":"https:\/\/betsson.sport\/br\/wp-json\/wp\/v2\/types\/page"}],"author":[{"embeddable":true,"href":"https:\/\/betsson.sport\/br\/wp-json\/wp\/v2\/users\/2"}],"replies":[{"embeddable":true,"href":"https:\/\/betsson.sport\/br\/wp-json\/wp\/v2\/comments?post=242"}],"version-history":[{"count":0,"href":"https:\/\/betsson.sport\/br\/wp-json\/wp\/v2\/pages\/242\/revisions"}],"wp:attachment":[{"href":"https:\/\/betsson.sport\/br\/wp-json\/wp\/v2\/media?parent=242"}],"curies":[{"name":"wp","href":"https:\/\/api.w.org\/{rel}","templated":true}]}}