{"id":2713,"date":"2025-09-02T09:09:18","date_gmt":"2025-09-02T12:09:18","guid":{"rendered":"https:\/\/betsson.sport\/es\/?page_id=2713"},"modified":"2025-11-04T07:49:36","modified_gmt":"2025-11-04T10:49:36","slug":"patrocinios","status":"publish","type":"page","link":"https:\/\/betsson.sport\/es\/patrocinios\/","title":{"rendered":"Patrocinios"},"content":{"rendered":"\n<div class=\"wp-block-group flex flex-col justify-center has-white-color has-text-color has-background has-link-color wp-elements-1819d7eee9145486137d1cf06b81f3a5 has-global-padding is-layout-constrained wp-container-core-group-is-layout-ff5b70b8 wp-block-group-is-layout-constrained\" style=\"background:linear-gradient(234deg,rgb(0,7,91) 0%,rgb(13,13,13) 100%);margin-top:0;margin-bottom:0;padding-top:var(--wp--preset--spacing--70);padding-right:var(--wp--preset--spacing--40);padding-bottom:var(--wp--preset--spacing--70);padding-left:var(--wp--preset--spacing--40)\">\n<div class=\"wp-block-group is-vertical is-content-justification-center is-layout-flex wp-container-core-group-is-layout-5be8697d wp-block-group-is-layout-flex\" style=\"margin-bottom:0\">\n<h1 class=\"wp-block-heading label has-small-font-size\">Patrocinios<\/h1>\n\n\n\n<p class=\"has-text-align-center has-large-font-size\"><strong><strong>Donde la pasi\u00f3n se encuentra con el Campo<\/strong><\/strong><\/p>\n\n\n\n<p class=\"has-text-align-center\">Patrocinador Oficial de Club Brugge e Inter \u2013 Acercando a los Fans a la Acci\u00f3n<\/p>\n<\/div>\n<\/div>\n\n\n\n<div class=\"wp-block-group has-global-padding is-layout-constrained wp-container-core-group-is-layout-1fd5867f wp-block-group-is-layout-constrained\" style=\"padding-top:var(--wp--preset--spacing--70);padding-right:var(--wp--preset--spacing--40);padding-bottom:var(--wp--preset--spacing--70);padding-left:var(--wp--preset--spacing--40)\">\n<div class=\"wp-block-columns alignwide is-layout-flex wp-container-core-columns-is-layout-28f84493 wp-block-columns-is-layout-flex\">\n<div class=\"wp-block-column is-layout-flow wp-container-core-column-is-layout-875877bc wp-block-column-is-layout-flow\" style=\"border-radius:10px;padding-top:var(--wp--preset--spacing--60);padding-right:var(--wp--preset--spacing--50);padding-bottom:var(--wp--preset--spacing--60);padding-left:var(--wp--preset--spacing--50);flex-basis:40%\">\n<div class=\"wp-block-group is-vertical is-layout-flex wp-container-core-group-is-layout-fe9cc265 wp-block-group-is-layout-flex\">\n<h2 class=\"wp-block-heading has-text-align-left has-large-font-size\">En Betsson.Sport, no solo cubrimos el juego: lo vivimos. <\/h2>\n\n\n\n<p class=\"has-text-align-left has-medium-font-size\">Por eso nos hemos asociado con dos de los clubes de <a href=\"https:\/\/betsson.sport\/es\/noticias\/futbol\/\" data-type=\"category\" data-id=\"7\">f\u00fatbol<\/a> m\u00e1s emocionantes del mundo, llevando nuestra pasi\u00f3n por el deporte directamente al coraz\u00f3n de la acci\u00f3n.<\/p>\n<\/div>\n<\/div>\n\n\n\n<div class=\"wp-block-column has-white-color has-text-color has-background has-link-color wp-elements-671279d5711852d1ff87cef31a00bc89 is-layout-flow wp-container-core-column-is-layout-875877bc wp-block-column-is-layout-flow\" style=\"border-radius:10px;background:linear-gradient(180deg,rgb(33,33,33) 0%,rgb(0,0,0) 100%);padding-top:var(--wp--preset--spacing--60);padding-right:var(--wp--preset--spacing--50);padding-bottom:var(--wp--preset--spacing--60);padding-left:var(--wp--preset--spacing--50)\">\n<div class=\"wp-block-group is-vertical is-layout-flex wp-container-core-group-is-layout-fe9cc265 wp-block-group-is-layout-flex\">\n<div class=\"wp-block-group is-nowrap is-layout-flex wp-container-core-group-is-layout-6c531013 wp-block-group-is-layout-flex\" style=\"min-height:140px\">\n<figure class=\"wp-block-image size-thumbnail is-resized\"><img decoding=\"async\" width=\"840\" height=\"840\" src=\"https:\/\/betsson.sport\/es\/wp-content\/uploads\/2025\/09\/fc-inter-logo.svg\" alt=\"\" class=\"wp-image-2716\" style=\"width:115px\"\/><\/figure>\n<\/div>\n\n\n\n<div class=\"wp-block-group has-global-padding is-layout-constrained wp-container-core-group-is-layout-e0082cf6 wp-block-group-is-layout-constrained\">\n<h3 class=\"wp-block-heading\">Inter \u2013 Un \u00cdcono Global del F\u00fatbol<\/h3>\n\n\n\n<p>Pocos clubes tienen una historia como <strong>Inter<\/strong>. Desde leyendas del pasado hasta los h\u00e9roes de hoy, Inter es un s\u00edmbolo de pasi\u00f3n y excelencia. Nos enorgullece apoyar a un club que inspira a millones en todo el mundo y que lleva emoci\u00f3n a cada jornada.<\/p>\n<\/div>\n<\/div>\n<\/div>\n\n\n\n<div class=\"wp-block-column has-white-color has-text-color has-background has-link-color wp-elements-b617e18e4a56e4ac6cf3e1087e84e91d is-layout-flow wp-container-core-column-is-layout-875877bc wp-block-column-is-layout-flow\" style=\"border-radius:10px;background:linear-gradient(180deg,rgb(33,33,33) 0%,rgb(0,0,0) 100%);padding-top:var(--wp--preset--spacing--60);padding-right:var(--wp--preset--spacing--50);padding-bottom:var(--wp--preset--spacing--60);padding-left:var(--wp--preset--spacing--50)\">\n<div class=\"wp-block-group is-vertical is-layout-flex wp-container-core-group-is-layout-fe9cc265 wp-block-group-is-layout-flex\">\n<div class=\"wp-block-group is-nowrap is-layout-flex wp-container-core-group-is-layout-6c531013 wp-block-group-is-layout-flex\" style=\"min-height:140px\">\n<figure class=\"wp-block-image size-thumbnail is-resized\"><img decoding=\"async\" width=\"277\" height=\"378\" src=\"https:\/\/betsson.sport\/es\/wp-content\/uploads\/2025\/09\/club-brugge-logo.svg\" alt=\"\" class=\"wp-image-2715\" style=\"width:100px\"\/><\/figure>\n<\/div>\n\n\n\n<div class=\"wp-block-group has-global-padding is-layout-constrained wp-container-core-group-is-layout-e0082cf6 wp-block-group-is-layout-constrained\">\n<h3 class=\"wp-block-heading\">Club Brugge \u2013 El Orgullo de B\u00e9lgica<\/h3>\n\n\n\n<p>Desde las ovaciones en el Estadio Jan Breydel hasta noches inolvidables de la Champions League, <strong>Club Brugge<\/strong> es pura magia futbol\u00edstica. Estamos aqu\u00ed para celebrar cada gol, cada victoria y a cada fan que late con el azul y negro.<\/p>\n<\/div>\n<\/div>\n<\/div>\n<\/div>\n<\/div>\n\n\n\n<div class=\"wp-block-cover\" style=\"padding-top:0;padding-bottom:0\"><img decoding=\"async\" width=\"1920\" height=\"1280\" class=\"wp-block-cover__image-background wp-image-2725 size-full\" alt=\"\" src=\"https:\/\/betsson.sport\/es\/wp-content\/uploads\/2025\/09\/betsson-sport-club-brugge.jpg\" style=\"object-position:50% 79%\" data-object-fit=\"cover\" data-object-position=\"50% 79%\" srcset=\"https:\/\/betsson.sport\/es\/wp-content\/uploads\/2025\/09\/betsson-sport-club-brugge.jpg 1920w, https:\/\/betsson.sport\/es\/wp-content\/uploads\/2025\/09\/betsson-sport-club-brugge-540x360.jpg 540w, https:\/\/betsson.sport\/es\/wp-content\/uploads\/2025\/09\/betsson-sport-club-brugge-420x280.jpg 420w, https:\/\/betsson.sport\/es\/wp-content\/uploads\/2025\/09\/betsson-sport-club-brugge-768x512.jpg 768w, https:\/\/betsson.sport\/es\/wp-content\/uploads\/2025\/09\/betsson-sport-club-brugge-1024x683.jpg 1024w, https:\/\/betsson.sport\/es\/wp-content\/uploads\/2025\/09\/betsson-sport-club-brugge-1536x1024.jpg 1536w\" sizes=\"(max-width: 1920px) 100vw, 1920px\" \/><span aria-hidden=\"true\" class=\"wp-block-cover__background has-background-dim\"><\/span><div class=\"wp-block-cover__inner-container has-global-padding is-layout-constrained wp-block-cover-is-layout-constrained\">\n<div class=\"wp-block-columns alignwide is-layout-flex wp-container-core-columns-is-layout-28f84493 wp-block-columns-is-layout-flex\">\n<div class=\"wp-block-column is-layout-flow wp-block-column-is-layout-flow\" style=\"flex-basis:50%\"><\/div>\n\n\n\n<div class=\"wp-block-column is-layout-flow wp-block-column-is-layout-flow\" style=\"flex-basis:66.66%\">\n<div class=\"wp-block-group has-white-color has-text-color has-link-color wp-elements-4b565751e6b26f96c88c014f16f82083 wp-container-content-0733e5d0 is-layout-flow wp-block-group-is-layout-flow\" style=\"border-radius:0px;min-height:400px;margin-top:var(--wp--preset--spacing--60);margin-bottom:var(--wp--preset--spacing--60);padding-top:var(--wp--preset--spacing--60);padding-right:var(--wp--preset--spacing--60);padding-bottom:var(--wp--preset--spacing--60);padding-left:var(--wp--preset--spacing--60)\">\n<h2 class=\"wp-block-heading\">M\u00e1s Que un Logo en la Camiseta<\/h2>\n\n\n\n<p class=\"has-medium-font-size\">No se trata solo de patrocinios: son asociaciones con los fans. Nuestro objetivo es crear contenido y experiencias de primer nivel que te acerquen a los clubes que amas. Desde exclusivas detr\u00e1s de c\u00e1maras hasta historias que te har\u00e1n animar, llorar y gritar frente a la pantalla\u2026 estamos totalmente involucrados.<\/p>\n\n\n\n<p style=\"font-size:26px\"><strong>Porque en Betsson.Sport, no solo vemos f\u00fatbol.<br>Somos parte de \u00e9l.<\/strong><\/p>\n<\/div>\n<\/div>\n<\/div>\n<\/div><\/div>\n\n\n\n<p><\/p>\n","protected":false},"excerpt":{"rendered":"<p>Patrocinios Donde la pasi\u00f3n se encuentra con el Campo Patrocinador Oficial de Club Brugge e Inter \u2013 Acercando a los Fans a la Acci\u00f3n En Betsson.Sport, no solo cubrimos el juego: lo vivimos. Por eso nos hemos asociado con dos de los clubes de f\u00fatbol m\u00e1s emocionantes del mundo, llevando nuestra pasi\u00f3n por el deporte [&hellip;]<\/p>\n","protected":false},"author":3,"featured_media":2725,"parent":0,"menu_order":0,"comment_status":"closed","ping_status":"closed","template":"","meta":{"_acf_changed":false,"footnotes":""},"class_list":["post-2713","page","type-page","status-publish","has-post-thumbnail","hentry"],"acf":[],"_links":{"self":[{"href":"https:\/\/betsson.sport\/es\/wp-json\/wp\/v2\/pages\/2713","targetHints":{"allow":["GET"]}}],"collection":[{"href":"https:\/\/betsson.sport\/es\/wp-json\/wp\/v2\/pages"}],"about":[{"href":"https:\/\/betsson.sport\/es\/wp-json\/wp\/v2\/types\/page"}],"author":[{"embeddable":true,"href":"https:\/\/betsson.sport\/es\/wp-json\/wp\/v2\/users\/3"}],"replies":[{"embeddable":true,"href":"https:\/\/betsson.sport\/es\/wp-json\/wp\/v2\/comments?post=2713"}],"version-history":[{"count":0,"href":"https:\/\/betsson.sport\/es\/wp-json\/wp\/v2\/pages\/2713\/revisions"}],"wp:featuredmedia":[{"embeddable":true,"href":"https:\/\/betsson.sport\/es\/wp-json\/wp\/v2\/media\/2725"}],"wp:attachment":[{"href":"https:\/\/betsson.sport\/es\/wp-json\/wp\/v2\/media?parent=2713"}],"curies":[{"name":"wp","href":"https:\/\/api.w.org\/{rel}","templated":true}]}}